{"id":316,"date":"2017-02-04T14:11:30","date_gmt":"2017-02-04T14:11:30","guid":{"rendered":"http:\/\/www.chezpiotr.com\/wordpress\/?page_id=316"},"modified":"2024-01-14T11:59:44","modified_gmt":"2024-01-14T11:59:44","slug":"realiser","status":"publish","type":"page","link":"https:\/\/www.chezpiotr.com\/wordpress\/nos-services\/realiser\/","title":{"rendered":"R\u00e9aliser"},"content":{"rendered":"<div id=\"pl-316\" class=\"panel-layout\">\n<div id=\"pg-316-0\" class=\"panel-grid panel-no-style\">\n<div id=\"pgc-316-0-0\" class=\"panel-grid-cell\" data-weight=\"1\">\n<div id=\"panel-316-0-0-0\" class=\"so-panel widget widget_sow-editor panel-first-child panel-last-child\" data-index=\"0\" data-style=\"{&quot;background_display&quot;:&quot;tile&quot;}\">\n<div class=\"so-widget-sow-editor so-widget-sow-editor-base\">\n<h3 class=\"widget-title\">R\u00e9aliser<\/h3>\n<div class=\"siteorigin-widget-tinymce textwidget\">\n<p>La vaste palette de technologies ma\u00eetris\u00e9es ou au moins r\u00e9f\u00e9renc\u00e9es par\u00a0SoSI permet de proposer une solution\u00a0adapt\u00e9e. De la solution locale ou distribu\u00e9e, sur des outils bureautiques r\u00e9pandus ou totalement Web, pour interagir avec les utilisateurs ou juste manipuler les donn\u00e9es et les flux, tout d\u00e9velopper ou s&rsquo;appuyer sur des briques disponibles\u00a0 : SoSI argumente toujours son choix.<\/p>\n<p><span style=\"color: initial;\"><div\n\t\t\t\n\t\t\tclass=\"so-widget-sow-post-carousel so-widget-sow-post-carousel-base-ad93eedad001\"\n\t\t\t\n\t\t>\t<div\n\t\tclass=\"sow-post-carousel-wrapper sow-post-carousel-theme-base\"\n\t\tstyle=\"overflow: hidden; max-width: 100%; min-height: 182px\"\n\t>\n\t\t<div class=\"sow-carousel-title\">\n\t\t\t<div class=\"sow-carousel-navigation \">\n\t\t\t\t\t\t<a href=\"#\" class=\"sow-carousel-next\" title=\"Suivant\" aria-label=\"Next Posts\" role=\"button\"><\/a>\n\t\t\t\t\t\t<a href=\"#\" class=\"sow-carousel-previous\" title=\"Pr\u00e9c\u00e9dent\" aria-label=\"Previous Posts\" role=\"button\"><\/a>\n\t\t\t\t\t<\/div>\n\t<\/div>\n\n<div class=\"sow-carousel-container \">\n\t\t<div class=\"sow-carousel-wrapper\"\n\t\tdata-dir=\"ltr\"\n\t\tstyle=\"opacity: 0;\"\n\t\tdata-widget=\"post\" data-fetching=\"false\" data-page=\"1\" data-ajax-url=\"https:\/\/www.chezpiotr.com\/wordpress\/wp-admin\/admin-ajax.php?_widgets_nonce=225a9f3faa\" data-item_count=\"65\" data-carousel_settings=\"{&quot;loop&quot;:true,&quot;animation&quot;:&quot;Ease&quot;,&quot;animation_speed&quot;:400,&quot;autoplay&quot;:&quot;&quot;,&quot;pauseOnHover&quot;:&quot;&quot;,&quot;autoplaySpeed&quot;:8000,&quot;item_overflow&quot;:true,&quot;autoplay_continuous_scroll&quot;:false}\" data-responsive=\"{&quot;desktop_slides_to_scroll&quot;:1,&quot;tablet_landscape_breakpoint&quot;:1366,&quot;tablet_landscape_slides_to_scroll&quot;:2,&quot;tablet_portrait_breakpoint&quot;:1025,&quot;tablet_portrait_slides_to_scroll&quot;:2,&quot;mobile_breakpoint&quot;:480,&quot;mobile_slides_to_scroll&quot;:1}\" data-variable_width=\"true\" \t>\n\t\t<div\n\t\t\tclass=\"sow-carousel-items\"\n\t\t\t\t\t>\n\t\t\t\t<div class=\"sow-carousel-item\" tabindex=\"-1\" style=\"float: left;\">\n\t\t<div class=\"sow-carousel-thumbnail\">\n\t\t\t\t\t\t\t<a\n\t\t\t\t\thref=\"https:\/\/www.chezpiotr.com\/wordpress\/videos\/sisimple\/dessine-moi-un-bug\/\"\n\t\t\t\t\tclass=\"sow-carousel-default-thumbnail\"\n\t\t\t\t\t\t\t\t\t\t\t\t\t\t\taria-labelledby=\"sow-carousel-id-575\"\n\t\t\t\t\ttabindex=\"-1\"\n\t\t\t\t>\n\t\t\t\t\t<span class=\"overlay\"><\/span>\n\t\t\t\t<\/a>\n\t\t\t\t\t<\/div>\n\t\t<h3 class=\"sow-carousel-item-title\">\n\t\t\t<a\n\t\t\t\thref=\"https:\/\/www.chezpiotr.com\/wordpress\/videos\/sisimple\/dessine-moi-un-bug\/\"\n\t\t\t\tid=\"sow-carousel-id-575\"\n\t\t\t\t\t\t\t\ttabindex=\"-1\"\n\t\t\t>\n\n\t\t\t\tDessine moi un bug !\t\t\t<\/a>\n\t\t<\/h3>\n\t<\/div>\n\t<div class=\"sow-carousel-item\" tabindex=\"-1\" style=\"float: left;\">\n\t\t<div class=\"sow-carousel-thumbnail\">\n\t\t\t\t\t\t\t<a\n\t\t\t\t\thref=\"https:\/\/www.chezpiotr.com\/wordpress\/experiences\/2024-pilote-dengagement-du-run\/\"\n\t\t\t\t\tclass=\"sow-carousel-default-thumbnail\"\n\t\t\t\t\t\t\t\t\t\t\t\t\t\t\taria-labelledby=\"sow-carousel-id-554\"\n\t\t\t\t\ttabindex=\"-1\"\n\t\t\t\t>\n\t\t\t\t\t<span class=\"overlay\"><\/span>\n\t\t\t\t<\/a>\n\t\t\t\t\t<\/div>\n\t\t<h3 class=\"sow-carousel-item-title\">\n\t\t\t<a\n\t\t\t\thref=\"https:\/\/www.chezpiotr.com\/wordpress\/experiences\/2024-pilote-dengagement-du-run\/\"\n\t\t\t\tid=\"sow-carousel-id-554\"\n\t\t\t\t\t\t\t\ttabindex=\"-1\"\n\t\t\t>\n\n\t\t\t\t2024 &#8211; Pilote d&rsquo;engagement du Run\t\t\t<\/a>\n\t\t<\/h3>\n\t<\/div>\n\t<div class=\"sow-carousel-item\" tabindex=\"-1\" style=\"float: left;\">\n\t\t<div class=\"sow-carousel-thumbnail\">\n\t\t\t\t\t\t\t<a\n\t\t\t\t\thref=\"https:\/\/www.chezpiotr.com\/wordpress\/experiences\/2022-test-de-changement-de-regime-fiscal-de-groupe\/\"\n\t\t\t\t\t\t\t\t\t\tstyle=\"background-image: url( https:\/\/www.chezpiotr.com\/wordpress\/wp-content\/uploads\/2013\/06\/file2491241837403-272x182.jpg )\"\n\t\t\t\t\taria-labelledby=\"sow-carousel-id-547\"\n\t\t\t\t\ttabindex=\"-1\"\n\t\t\t\t>\n\t\t\t\t\t<span class=\"overlay\"><\/span>\n\t\t\t\t<\/a>\n\t\t\t\t\t<\/div>\n\t\t<h3 class=\"sow-carousel-item-title\">\n\t\t\t<a\n\t\t\t\thref=\"https:\/\/www.chezpiotr.com\/wordpress\/experiences\/2022-test-de-changement-de-regime-fiscal-de-groupe\/\"\n\t\t\t\tid=\"sow-carousel-id-547\"\n\t\t\t\t\t\t\t\ttabindex=\"-1\"\n\t\t\t>\n\n\t\t\t\t2022 &#8211; Test de changement de r\u00e9gime fiscal de groupe\t\t\t<\/a>\n\t\t<\/h3>\n\t<\/div>\n\t<div class=\"sow-carousel-item\" tabindex=\"-1\" style=\"float: left;\">\n\t\t<div class=\"sow-carousel-thumbnail\">\n\t\t\t\t\t\t\t<a\n\t\t\t\t\thref=\"https:\/\/www.chezpiotr.com\/wordpress\/experiences\/2021-pilotage-de-la-validation-de-projet-de-dematerialisation\/\"\n\t\t\t\t\t\t\t\t\t\tstyle=\"background-image: url( https:\/\/www.chezpiotr.com\/wordpress\/wp-content\/uploads\/2013\/06\/file0001665370568-272x182.jpg )\"\n\t\t\t\t\taria-labelledby=\"sow-carousel-id-542\"\n\t\t\t\t\ttabindex=\"-1\"\n\t\t\t\t>\n\t\t\t\t\t<span class=\"overlay\"><\/span>\n\t\t\t\t<\/a>\n\t\t\t\t\t<\/div>\n\t\t<h3 class=\"sow-carousel-item-title\">\n\t\t\t<a\n\t\t\t\thref=\"https:\/\/www.chezpiotr.com\/wordpress\/experiences\/2021-pilotage-de-la-validation-de-projet-de-dematerialisation\/\"\n\t\t\t\tid=\"sow-carousel-id-542\"\n\t\t\t\t\t\t\t\ttabindex=\"-1\"\n\t\t\t>\n\n\t\t\t\t2021 &#8211; Test de solutions de d\u00e9mat\u00e9rialisation\t\t\t<\/a>\n\t\t<\/h3>\n\t<\/div>\n\t<div class=\"sow-carousel-item\" tabindex=\"-1\" style=\"float: left;\">\n\t\t<div class=\"sow-carousel-thumbnail\">\n\t\t\t\t\t\t\t<a\n\t\t\t\t\thref=\"https:\/\/www.chezpiotr.com\/wordpress\/experiences\/2022-outil-de-consolidation-des-besoins-applicatif-a-la-validation-de-release-multi-projets\/\"\n\t\t\t\t\t\t\t\t\t\tstyle=\"background-image: url( https:\/\/www.chezpiotr.com\/wordpress\/wp-content\/uploads\/2016\/06\/file000504645321-272x182.jpg )\"\n\t\t\t\t\taria-labelledby=\"sow-carousel-id-540\"\n\t\t\t\t\ttabindex=\"-1\"\n\t\t\t\t>\n\t\t\t\t\t<span class=\"overlay\"><\/span>\n\t\t\t\t<\/a>\n\t\t\t\t\t<\/div>\n\t\t<h3 class=\"sow-carousel-item-title\">\n\t\t\t<a\n\t\t\t\thref=\"https:\/\/www.chezpiotr.com\/wordpress\/experiences\/2022-outil-de-consolidation-des-besoins-applicatif-a-la-validation-de-release-multi-projets\/\"\n\t\t\t\tid=\"sow-carousel-id-540\"\n\t\t\t\t\t\t\t\ttabindex=\"-1\"\n\t\t\t>\n\n\t\t\t\t2022 &#8211; Outil de consolidation des besoins applicatif \u00e0 la validation de Release multi-projets\t\t\t<\/a>\n\t\t<\/h3>\n\t<\/div>\n\t<div class=\"sow-carousel-item\" tabindex=\"-1\" style=\"float: left;\">\n\t\t<div class=\"sow-carousel-thumbnail\">\n\t\t\t\t\t\t\t<a\n\t\t\t\t\thref=\"https:\/\/www.chezpiotr.com\/wordpress\/experiences\/2021-outil-de-collecte-et-consolidation-de-validation-de-release-multi-projet\/\"\n\t\t\t\t\t\t\t\t\t\tstyle=\"background-image: url( https:\/\/www.chezpiotr.com\/wordpress\/wp-content\/uploads\/2016\/06\/file000504645321-272x182.jpg )\"\n\t\t\t\t\taria-labelledby=\"sow-carousel-id-538\"\n\t\t\t\t\ttabindex=\"-1\"\n\t\t\t\t>\n\t\t\t\t\t<span class=\"overlay\"><\/span>\n\t\t\t\t<\/a>\n\t\t\t\t\t<\/div>\n\t\t<h3 class=\"sow-carousel-item-title\">\n\t\t\t<a\n\t\t\t\thref=\"https:\/\/www.chezpiotr.com\/wordpress\/experiences\/2021-outil-de-collecte-et-consolidation-de-validation-de-release-multi-projet\/\"\n\t\t\t\tid=\"sow-carousel-id-538\"\n\t\t\t\t\t\t\t\ttabindex=\"-1\"\n\t\t\t>\n\n\t\t\t\t2021 &#8211; Outil de collecte et consolidation de validation de Release multi projet\t\t\t<\/a>\n\t\t<\/h3>\n\t<\/div>\n\t<div class=\"sow-carousel-item\" tabindex=\"-1\" style=\"float: left;\">\n\t\t<div class=\"sow-carousel-thumbnail\">\n\t\t\t\t\t\t\t<a\n\t\t\t\t\thref=\"https:\/\/www.chezpiotr.com\/wordpress\/experiences\/2020-test-dune-solution-dagregation-et-de-valorisation-de-mouvements-comptables-et-de-referentiels-actuariels\/\"\n\t\t\t\t\tclass=\"sow-carousel-default-thumbnail\"\n\t\t\t\t\t\t\t\t\t\t\t\t\t\t\taria-labelledby=\"sow-carousel-id-525\"\n\t\t\t\t\ttabindex=\"-1\"\n\t\t\t\t>\n\t\t\t\t\t<span class=\"overlay\"><\/span>\n\t\t\t\t<\/a>\n\t\t\t\t\t<\/div>\n\t\t<h3 class=\"sow-carousel-item-title\">\n\t\t\t<a\n\t\t\t\thref=\"https:\/\/www.chezpiotr.com\/wordpress\/experiences\/2020-test-dune-solution-dagregation-et-de-valorisation-de-mouvements-comptables-et-de-referentiels-actuariels\/\"\n\t\t\t\tid=\"sow-carousel-id-525\"\n\t\t\t\t\t\t\t\ttabindex=\"-1\"\n\t\t\t>\n\n\t\t\t\t2020 \u2013 Test d\u2019une solution d&rsquo;agr\u00e9gation et de valorisation de mouvements comptables et de r\u00e9f\u00e9rentiels actuariels.\t\t\t<\/a>\n\t\t<\/h3>\n\t<\/div>\n\t<div class=\"sow-carousel-item\" tabindex=\"-1\" style=\"float: left;\">\n\t\t<div class=\"sow-carousel-thumbnail\">\n\t\t\t\t\t\t\t<a\n\t\t\t\t\thref=\"https:\/\/www.chezpiotr.com\/wordpress\/experiences\/2020-test-dune-solution-de-rachat-detaille-par-support-en-agence\/\"\n\t\t\t\t\t\t\t\t\t\tstyle=\"background-image: url( https:\/\/www.chezpiotr.com\/wordpress\/wp-content\/uploads\/2013\/06\/photo_5580_20080819-272x182.jpg )\"\n\t\t\t\t\taria-labelledby=\"sow-carousel-id-519\"\n\t\t\t\t\ttabindex=\"-1\"\n\t\t\t\t>\n\t\t\t\t\t<span class=\"overlay\"><\/span>\n\t\t\t\t<\/a>\n\t\t\t\t\t<\/div>\n\t\t<h3 class=\"sow-carousel-item-title\">\n\t\t\t<a\n\t\t\t\thref=\"https:\/\/www.chezpiotr.com\/wordpress\/experiences\/2020-test-dune-solution-de-rachat-detaille-par-support-en-agence\/\"\n\t\t\t\tid=\"sow-carousel-id-519\"\n\t\t\t\t\t\t\t\ttabindex=\"-1\"\n\t\t\t>\n\n\t\t\t\t2020 \u2013 Test d\u2019une solution de rachat d\u00e9taill\u00e9 par support en agence\t\t\t<\/a>\n\t\t<\/h3>\n\t<\/div>\n\t<div class=\"sow-carousel-item\" tabindex=\"-1\" style=\"float: left;\">\n\t\t<div class=\"sow-carousel-thumbnail\">\n\t\t\t\t\t\t\t<a\n\t\t\t\t\thref=\"https:\/\/www.chezpiotr.com\/wordpress\/experiences\/2019-test-dune-solution-de-rachat-en-ligne-sur-portefeuille-depargne\/\"\n\t\t\t\t\t\t\t\t\t\tstyle=\"background-image: url( https:\/\/www.chezpiotr.com\/wordpress\/wp-content\/uploads\/2013\/06\/photo_5580_20080819-272x182.jpg )\"\n\t\t\t\t\taria-labelledby=\"sow-carousel-id-516\"\n\t\t\t\t\ttabindex=\"-1\"\n\t\t\t\t>\n\t\t\t\t\t<span class=\"overlay\"><\/span>\n\t\t\t\t<\/a>\n\t\t\t\t\t<\/div>\n\t\t<h3 class=\"sow-carousel-item-title\">\n\t\t\t<a\n\t\t\t\thref=\"https:\/\/www.chezpiotr.com\/wordpress\/experiences\/2019-test-dune-solution-de-rachat-en-ligne-sur-portefeuille-depargne\/\"\n\t\t\t\tid=\"sow-carousel-id-516\"\n\t\t\t\t\t\t\t\ttabindex=\"-1\"\n\t\t\t>\n\n\t\t\t\t2019 &#8211; Test d&rsquo;une solution de rachat en ligne sur portefeuille d&rsquo;\u00e9pargne\t\t\t<\/a>\n\t\t<\/h3>\n\t<\/div>\n\t<div class=\"sow-carousel-item\" tabindex=\"-1\" style=\"float: left;\">\n\t\t<div class=\"sow-carousel-thumbnail\">\n\t\t\t\t\t\t\t<a\n\t\t\t\t\thref=\"https:\/\/www.chezpiotr.com\/wordpress\/experiences\/2019-tests-dune-solution-de-robo-advisor-sur-des-produits-depargne\/\"\n\t\t\t\t\t\t\t\t\t\tstyle=\"background-image: url( https:\/\/www.chezpiotr.com\/wordpress\/wp-content\/uploads\/2017\/01\/cropped-gears-1236578.jpg )\"\n\t\t\t\t\taria-labelledby=\"sow-carousel-id-499\"\n\t\t\t\t\ttabindex=\"-1\"\n\t\t\t\t>\n\t\t\t\t\t<span class=\"overlay\"><\/span>\n\t\t\t\t<\/a>\n\t\t\t\t\t<\/div>\n\t\t<h3 class=\"sow-carousel-item-title\">\n\t\t\t<a\n\t\t\t\thref=\"https:\/\/www.chezpiotr.com\/wordpress\/experiences\/2019-tests-dune-solution-de-robo-advisor-sur-des-produits-depargne\/\"\n\t\t\t\tid=\"sow-carousel-id-499\"\n\t\t\t\t\t\t\t\ttabindex=\"-1\"\n\t\t\t>\n\n\t\t\t\t2019 &#8211; Tests d&rsquo;une solution de Robo Advisor sur des produits d&rsquo;\u00e9pargne.\t\t\t<\/a>\n\t\t<\/h3>\n\t<\/div>\n\t\t<\/div>\n\t\t\t<\/div>\n\n\t<\/div>\n\t\t<input type=\"hidden\" name=\"instance_hash\" value=\"32d5ce9a\"\/>\n\t<\/div>\n<\/div><\/span><\/p>\n<\/div>\n<\/div>\n<\/div>\n<\/div>\n<\/div>\n<div id=\"pg-316-1\" class=\"panel-grid panel-no-style\">\n<div data-index=\"1\" data-style=\"{&quot;background_image_attachment&quot;:false,&quot;background_display&quot;:&quot;tile&quot;,&quot;background_image_size&quot;:&quot;full&quot;,&quot;background_image_opacity&quot;:&quot;100&quot;,&quot;border_thickness&quot;:&quot;1px&quot;}\"><\/div>\n<\/div>\n<\/div>\n","protected":false},"excerpt":{"rendered":"<p>R\u00e9aliser La vaste palette de technologies ma\u00eetris\u00e9es ou au moins r\u00e9f\u00e9renc\u00e9es par\u00a0SoSI permet de proposer une solution\u00a0adapt\u00e9e. De la solution locale ou distribu\u00e9e, sur des outils bureautiques r\u00e9pandus ou totalement Web, pour interagir avec les utilisateurs ou juste manipuler les donn\u00e9es et les flux, tout d\u00e9velopper ou s&rsquo;appuyer sur des briques disponibles\u00a0 : SoSI argumente &hellip; <\/p>\n<p class=\"link-more\"><a href=\"https:\/\/www.chezpiotr.com\/wordpress\/experiences\/2019-tests-dune-solution-de-robo-advisor-sur-des-produits-depargne\/\" class=\"more-link\">Continuer la lecture<span class=\"screen-reader-text\"> de &laquo;&nbsp;2019 &#8211; Tests d&rsquo;une solution de Robo Advisor sur des produits d&rsquo;\u00e9pargne.&nbsp;&raquo;<\/span><\/a><\/p>\n","protected":false},"author":1,"featured_media":304,"parent":256,"menu_order":0,"comment_status":"closed","ping_status":"closed","template":"","meta":{"inline_featured_image":false,"footnotes":""},"_links":{"self":[{"href":"https:\/\/www.chezpiotr.com\/wordpress\/wp-json\/wp\/v2\/pages\/316"}],"collection":[{"href":"https:\/\/www.chezpiotr.com\/wordpress\/wp-json\/wp\/v2\/pages"}],"about":[{"href":"https:\/\/www.chezpiotr.com\/wordpress\/wp-json\/wp\/v2\/types\/page"}],"author":[{"embeddable":true,"href":"https:\/\/www.chezpiotr.com\/wordpress\/wp-json\/wp\/v2\/users\/1"}],"replies":[{"embeddable":true,"href":"https:\/\/www.chezpiotr.com\/wordpress\/wp-json\/wp\/v2\/comments?post=316"}],"version-history":[{"count":8,"href":"https:\/\/www.chezpiotr.com\/wordpress\/wp-json\/wp\/v2\/pages\/316\/revisions"}],"predecessor-version":[{"id":550,"href":"https:\/\/www.chezpiotr.com\/wordpress\/wp-json\/wp\/v2\/pages\/316\/revisions\/550"}],"up":[{"embeddable":true,"href":"https:\/\/www.chezpiotr.com\/wordpress\/wp-json\/wp\/v2\/pages\/256"}],"wp:featuredmedia":[{"embeddable":true,"href":"https:\/\/www.chezpiotr.com\/wordpress\/wp-json\/wp\/v2\/media\/304"}],"wp:attachment":[{"href":"https:\/\/www.chezpiotr.com\/wordpress\/wp-json\/wp\/v2\/media?parent=316"}],"curies":[{"name":"wp","href":"https:\/\/api.w.org\/{rel}","templated":true}]}}