{"id":389,"date":"2017-02-04T18:54:42","date_gmt":"2017-02-04T18:54:42","guid":{"rendered":"http:\/\/www.chezpiotr.com\/wordpress\/?page_id=389"},"modified":"2025-01-23T19:27:44","modified_gmt":"2025-01-23T19:27:44","slug":"sosi","status":"publish","type":"page","link":"https:\/\/www.chezpiotr.com\/wordpress\/","title":{"rendered":"SoSI"},"content":{"rendered":"<div id=\"pl-389\"  class=\"panel-layout\" ><div id=\"pg-389-0\"  class=\"panel-grid panel-no-style\" ><div id=\"pgc-389-0-0\"  class=\"panel-grid-cell\" ><div id=\"panel-389-0-0-0\" class=\"so-panel widget widget_sow-headline panel-first-child\" data-index=\"0\" ><div class=\"panel-widget-style panel-widget-style-for-389-0-0-0\" ><div\n\t\t\t\n\t\t\tclass=\"so-widget-sow-headline so-widget-sow-headline-default-1f204ca5b3ba-389\"\n\t\t\t\n\t\t><div class=\"sow-headline-container \">\n\t\t\t\t\t\t\t<h1 class=\"sow-headline\">\n\t\t\t\t\t\tA quoi bon So.SI ?\t\t\t\t\t\t<\/h1>\n\t\t\t\t\t\t\t\t\t\t\t<div class=\"decoration\">\n\t\t\t\t\t\t<div class=\"decoration-inside\"><\/div>\n\t\t\t\t\t<\/div>\n\t\t\t\t\t<\/div>\n<\/div><\/div><\/div><div id=\"panel-389-0-0-1\" class=\"so-panel widget widget_sow-editor panel-last-child\" data-index=\"1\" ><div\n\t\t\t\n\t\t\tclass=\"so-widget-sow-editor so-widget-sow-editor-base\"\n\t\t\t\n\t\t>\n<div class=\"siteorigin-widget-tinymce textwidget\">\n\t<p>So.SI peut vous accompagner dans la r\u00e9alisation de vos projets informatiques et vous faire profitez de ses experiences dans 3 aspects des projets informatiques.<\/p>\n<\/div>\n<\/div><\/div><\/div><\/div><div id=\"pg-389-1\"  class=\"panel-grid panel-no-style\" ><div id=\"pgc-389-1-0\"  class=\"panel-grid-cell\" ><div id=\"panel-389-1-0-0\" class=\"so-panel widget widget_sow-editor panel-first-child panel-last-child\" data-index=\"2\" ><div class=\"panel-widget-style panel-widget-style-for-389-1-0-0\" ><div\n\t\t\t\n\t\t\tclass=\"so-widget-sow-editor so-widget-sow-editor-base\"\n\t\t\t\n\t\t>\n<div class=\"siteorigin-widget-tinymce textwidget\">\n\t<h1><a href=\"https:\/\/www.chezpiotr.com\/wordpress\/category\/experiences\/\">Toutes nos exp\u00e9riences<\/a><\/h1>\n<p>Ou bien d\u00e9couvrez ces exp\u00e9riences pour chaque aspect<\/p>\n<\/div>\n<\/div><\/div><\/div><\/div><\/div><div id=\"pg-389-2\"  class=\"panel-grid panel-has-style\" ><div class=\"siteorigin-panels-stretch panel-row-style panel-row-style-for-389-2\" data-stretch-type=\"full\" ><div id=\"pgc-389-2-0\"  class=\"panel-grid-cell\" ><div id=\"panel-389-2-0-0\" class=\"so-panel widget widget_sow-editor panel-first-child panel-last-child\" data-index=\"3\" ><div class=\"panel-widget-style panel-widget-style-for-389-2-0-0\" ><div\n\t\t\t\n\t\t\tclass=\"so-widget-sow-editor so-widget-sow-editor-base\"\n\t\t\t\n\t\t>\n<div class=\"siteorigin-widget-tinymce textwidget\">\n\t<h1><a href=\"https:\/\/www.chezpiotr.com\/wordpress\/category\/services\/realiser\/\">R\u00e9aliser<\/a><\/h1>\n<p>So.SI dispose d'une connaissance technique \u00e0 large spectre (Syst\u00e8me, R\u00e9seau, Bureautique,...) qui lui permet de se positionner rapidement sur une solution technique ou m\u00eame les d\u00e9velopper.<\/p>\n<\/div>\n<\/div><\/div><\/div><\/div><\/div><\/div><div id=\"pg-389-3\"  class=\"panel-grid panel-has-style\" ><div class=\"siteorigin-panels-stretch panel-row-style panel-row-style-for-389-3\" data-stretch-type=\"full\" ><div id=\"pgc-389-3-0\"  class=\"panel-grid-cell\" ><div id=\"panel-389-3-0-0\" class=\"so-panel widget widget_sow-editor panel-first-child panel-last-child\" data-index=\"4\" ><div\n\t\t\t\n\t\t\tclass=\"so-widget-sow-editor so-widget-sow-editor-base\"\n\t\t\t\n\t\t>\n<div class=\"siteorigin-widget-tinymce textwidget\">\n\t<h1><a href=\"https:\/\/www.chezpiotr.com\/wordpress\/category\/services\/analyser-exprimer\/\">Analyser<\/a><\/h1>\n<p>So.SI est\u00a0confront\u00e9 depuis des ann\u00e9es au difficult\u00e9s du recensement de besoins informatiques et leur formalisation de sorte \u00e0 ce que la transformation du besoin en solution soit fluide, exacte\u00a0et \u00e9volutive.<\/p>\n<\/div>\n<\/div><\/div><\/div><\/div><\/div><div id=\"pg-389-4\"  class=\"panel-grid panel-has-style\" ><div class=\"siteorigin-panels-stretch panel-row-style panel-row-style-for-389-4\" data-stretch-type=\"full\" ><div id=\"pgc-389-4-0\"  class=\"panel-grid-cell\" ><div id=\"panel-389-4-0-0\" class=\"so-panel widget widget_sow-editor panel-first-child panel-last-child\" data-index=\"5\" ><div\n\t\t\t\n\t\t\tclass=\"so-widget-sow-editor so-widget-sow-editor-base\"\n\t\t\t\n\t\t>\n<div class=\"siteorigin-widget-tinymce textwidget\">\n\t<h1><a href=\"https:\/\/www.chezpiotr.com\/wordpress\/category\/services\/piloter\/\">Piloter<\/a><\/h1>\n<p>So.SI reste attach\u00e9 au m\u00e9thodes de pilotage projet classiques mais y int\u00e8gre des outils modernes de communication et de suivi aux b\u00e9n\u00e9fices ind\u00e9niables.<\/p>\n<p>\u00a0<\/p>\n<p>\u00a0<\/p>\n<\/div>\n<\/div><\/div><\/div><\/div><\/div><div id=\"pg-389-5\"  class=\"panel-grid panel-has-style\" ><div class=\"so-parallax siteorigin-panels-stretch panel-row-style panel-row-style-for-389-5\" data-stretch-type=\"full\" ><img fetchpriority=\"high\" decoding=\"async\" width=\"1920\" height=\"1271\" src=\"https:\/\/www.chezpiotr.com\/wordpress\/wp-content\/uploads\/2017\/02\/tools-986481_1920.jpg\" class=\"attachment-full size-full\" alt=\"\" data-siteorigin-parallax=\"true\" loading=\"eager\" srcset=\"https:\/\/www.chezpiotr.com\/wordpress\/wp-content\/uploads\/2017\/02\/tools-986481_1920.jpg 1920w, https:\/\/www.chezpiotr.com\/wordpress\/wp-content\/uploads\/2017\/02\/tools-986481_1920-300x199.jpg 300w, https:\/\/www.chezpiotr.com\/wordpress\/wp-content\/uploads\/2017\/02\/tools-986481_1920-768x508.jpg 768w, https:\/\/www.chezpiotr.com\/wordpress\/wp-content\/uploads\/2017\/02\/tools-986481_1920-1024x678.jpg 1024w\" sizes=\"100vw\" \/><div id=\"pgc-389-5-0\"  class=\"panel-grid-cell panel-grid-cell-empty\" ><\/div><\/div><\/div><div id=\"pg-389-6\"  class=\"panel-grid panel-has-style\" ><div class=\"siteorigin-panels-stretch panel-row-style panel-row-style-for-389-6\" data-stretch-type=\"full\" ><div id=\"pgc-389-6-0\"  class=\"panel-grid-cell\" ><div id=\"panel-389-6-0-0\" class=\"so-panel widget widget_sow-headline panel-first-child panel-last-child\" data-index=\"6\" ><div\n\t\t\t\n\t\t\tclass=\"so-widget-sow-headline so-widget-sow-headline-default-1f204ca5b3ba-389\"\n\t\t\t\n\t\t><div class=\"sow-headline-container \">\n\t\t\t\t\t\t\t<h1 class=\"sow-headline\">\n\t\t\t\t\t\tSo Syst\u00e8me d'Information\t\t\t\t\t\t<\/h1>\n\t\t\t\t\t\t\t\t\t\t\t<div class=\"decoration\">\n\t\t\t\t\t\t<div class=\"decoration-inside\"><\/div>\n\t\t\t\t\t<\/div>\n\t\t\t\t\t<\/div>\n<\/div><\/div><\/div><\/div><\/div><div id=\"pg-389-7\"  class=\"panel-grid panel-no-style\" ><div id=\"pgc-389-7-0\"  class=\"panel-grid-cell\" ><div id=\"panel-389-7-0-0\" class=\"so-panel widget widget_sow-editor panel-first-child panel-last-child\" data-index=\"7\" ><div\n\t\t\t\n\t\t\tclass=\"so-widget-sow-editor so-widget-sow-editor-base\"\n\t\t\t\n\t\t>\n<div class=\"siteorigin-widget-tinymce textwidget\">\n\t<p><img loading=\"lazy\" decoding=\"async\" class=\"alignright wp-image-5 size-medium\" src=\"http:\/\/www.chezpiotr.com\/wordpress\/wp-content\/uploads\/2017\/01\/logo_450x310_ST-300x221.png\" width=\"300\" height=\"221\" srcset=\"https:\/\/www.chezpiotr.com\/wordpress\/wp-content\/uploads\/2017\/01\/logo_450x310_ST-300x221.png 300w, https:\/\/www.chezpiotr.com\/wordpress\/wp-content\/uploads\/2017\/01\/logo_450x310_ST.png 450w\" sizes=\"(max-width: 300px) 100vw, 300px\" \/>Les SI n\u00e9 dans le mill\u00e9naire pr\u00e9c\u00e9dent sont confront\u00e9 aujourd'hui \u00e0 une explosion des besoins \u00e0 couvrir. Explosion li\u00e9 d'une part \u00e0 la digitalisation galopante mettant le SI bien au del\u00e0 des acteurs de l'organisation . Il commen\u00e7ait d\u00e9j\u00e0 \u00e0 s'ouvrir aux partenaires, aux institutions, il doit aujourd'hui r\u00e9pondre \u00e0 des requ\u00eates du consommateur finale, et m\u00eame du premier inconnu...tout le monde est connect\u00e9, les services d'une entreprise doivent \u00eatre socialement accessibles au risque d'\u00eatre ignor\u00e9s.<\/p>\n<p>Alors comment rester maitre de son SI, le faire grandir en qualit\u00e9, absorber et apprendre de ses d\u00e9faillances, et le faire participer \u00e0 la valeur produite par l'expertise d\u00e9tenue par l'entreprise ?<\/p>\n<p>Une vision monolithique du SI n'est plus possible pour satisfaire ce nouvel environnement, il est aujourd'hui morcel\u00e9 dans sa ma moindre fonction.\u00a0 Cet \u00e9clatement est d'autant plus boost\u00e9 par l'organisation de l'entreprise en groupe de partenaires et la diversit\u00e9 des canaux avec le SI (mobile, web, service tiers, chatGPT, vid\u00e9o, ...).<\/p>\n<p>Comme finalement toute mutation, elle ne se fait pas sans difficult\u00e9s.<\/p>\n<p>Car c'est bien un enjeu : l'entreprise d\u00e9tient un tr\u00e9sor dans son expertise qu'il ne faut pas abimer avec des probl\u00e8mes qui ne sont pas les siens mais juste ceux d'un de ses outils, le SI.<\/p>\n<p>Je vois grandir l'informatique depuis plus de vingt ans. Je n'aurais jamais pu pr\u00e9dire ce qu'elle serait aujourd'hui. Mais l'ayant vu croitre, s'adapter aux transformation de l'environnement et en retour influencer celle-ci, je suis toujours \u00e9pat\u00e9 mais finalement moins surpris.<\/p>\n<p>Je ne peux toujours pas deviner l'avenir mais je peux toujours accompagner le mouvement :<\/p>\n<ul>\n<li>les interfaces homme\/machine vont profond\u00e9ment muter gr\u00e2ce aux IA conversationnelles (\u00e0 quoi bon remplir un formulaire - directement ou par un gestionnaire - s'il suffit de dire ce qu'on veut).<\/li>\n<li>la production de valeur \u00e0 partir de l'information brute va se faire de plus en plus par des m\u00e9thodes de machine learning car ces outils se popularisent et se simplifient.<\/li>\n<li>le SI \u00e9volue encore plus vite vers un organisme constitu\u00e9 de multiple minuscule cellules ind\u00e9pendante et interchangeables.<\/li>\n<\/ul>\n<p>Voici les fluctuations in\u00e9vitables et qu'il faudra int\u00e9grer sans ternir ce tr\u00e9sor grav\u00e9 dans l'ensemble des humains que constitue l'entreprise.<\/p>\n<p>2024 - Lech Piotr (<em>Consultant SI<\/em>).<\/p>\n<\/div>\n<\/div><\/div><\/div><\/div><\/div>","protected":false},"excerpt":{"rendered":"<p>So.SI peut vous accompagner dans la r\u00e9alisation de vos projets informatiques et vous faire profitez de ses experiences dans 3 aspects des projets informatiques. Toutes nos exp\u00e9riences Ou bien d\u00e9couvrez ces exp\u00e9riences pour chaque aspect<\/p>\n","protected":false},"author":1,"featured_media":0,"parent":0,"menu_order":0,"comment_status":"closed","ping_status":"closed","template":"","meta":{"inline_featured_image":false,"footnotes":""},"_links":{"self":[{"href":"https:\/\/www.chezpiotr.com\/wordpress\/wp-json\/wp\/v2\/pages\/389"}],"collection":[{"href":"https:\/\/www.chezpiotr.com\/wordpress\/wp-json\/wp\/v2\/pages"}],"about":[{"href":"https:\/\/www.chezpiotr.com\/wordpress\/wp-json\/wp\/v2\/types\/page"}],"author":[{"embeddable":true,"href":"https:\/\/www.chezpiotr.com\/wordpress\/wp-json\/wp\/v2\/users\/1"}],"replies":[{"embeddable":true,"href":"https:\/\/www.chezpiotr.com\/wordpress\/wp-json\/wp\/v2\/comments?post=389"}],"version-history":[{"count":12,"href":"https:\/\/www.chezpiotr.com\/wordpress\/wp-json\/wp\/v2\/pages\/389\/revisions"}],"predecessor-version":[{"id":573,"href":"https:\/\/www.chezpiotr.com\/wordpress\/wp-json\/wp\/v2\/pages\/389\/revisions\/573"}],"wp:attachment":[{"href":"https:\/\/www.chezpiotr.com\/wordpress\/wp-json\/wp\/v2\/media?parent=389"}],"curies":[{"name":"wp","href":"https:\/\/api.w.org\/{rel}","templated":true}]}}