{"id":507,"date":"2019-06-23T18:32:57","date_gmt":"2019-06-23T18:32:57","guid":{"rendered":"http:\/\/www.chezpiotr.com\/wordpress\/?page_id=507"},"modified":"2019-06-23T18:33:21","modified_gmt":"2019-06-23T18:33:21","slug":"politique-de-confidentialite","status":"publish","type":"page","link":"https:\/\/www.chezpiotr.com\/wordpress\/politique-de-confidentialite\/","title":{"rendered":"Politique de Confidentialit\u00e9"},"content":{"rendered":"<div class=\"cli_pg_page_contaner\">\n<h3>D\u00e9finition<\/h3>\n<div>\n<p><b>L&rsquo;\u00c9diteur<\/b>\u00a0: La personne, physique ou morale, qui \u00e9dite les services de communication au public en ligne.<br \/>\n<b>Le Site<\/b>\u00a0: L&rsquo;ensemble des sites, pages Internet et services en ligne propos\u00e9s par l&rsquo;\u00c9diteur.<br \/>\n<b>L&rsquo;Utilisateur<\/b>\u00a0: La personne utilisant le Site et les services.<\/p>\n<\/div>\n<h3>Nature des donn\u00e9es collect\u00e9es<\/h3>\n<div>\n<p><b>Dans le cadre de l&rsquo;utilisation des Sites, l&rsquo;\u00c9diteur est susceptible de collecter les cat\u00e9gories de donn\u00e9es suivantes concernant ses Utilisateurs :<\/b><\/p>\n<div id=\"C0Q1\">\n<p>Donn\u00e9es de connexion\u00a0dans le cadre statistiques de fr\u00e9quentation du site<\/p>\n<\/div>\n<\/div>\n<h3>Communication des donn\u00e9es personnelles \u00e0 des tiers<\/h3>\n<div>\n<p><b>Pas de communication \u00e0 des tiers\u00a0<\/b><br \/>\nVos donn\u00e9es ne font l&rsquo;objet d&rsquo;aucune communication \u00e0 des tiers. Vous \u00eates toutefois inform\u00e9s qu&rsquo;elles pourront \u00eatre divulgu\u00e9es en application d&rsquo;une loi, d&rsquo;un r\u00e8glement ou en vertu d&rsquo;une d\u00e9cision d&rsquo;une autorit\u00e9 r\u00e9glementaire ou judiciaire comp\u00e9tente.<\/p>\n<\/div>\n<h3>Collecte des donn\u00e9es d&rsquo;identit\u00e9<\/h3>\n<div>\n<p><b>Consultation libre\u00a0<\/b><br \/>\nLa consultation du Site ne n\u00e9cessite pas d&rsquo;inscription ni d&rsquo;identification pr\u00e9alable. Elle peut s&rsquo;effectuer sans que vous ne communiquiez de donn\u00e9es nominatives vous concernant (nom, pr\u00e9nom, adresse, etc). Nous ne proc\u00e9dons \u00e0 aucun enregistrement de donn\u00e9es nominatives pour la simple consultation du Site.<\/p>\n<\/div>\n<h3>Cookies<\/h3>\n<div>\n<p>The below list details the cookies used in our website.<\/p><table class=\"cookielawinfo-row-cat-table cookielawinfo-classic\"><thead><tr><th class=\"cookielawinfo-column-1\">Cookie<\/th><th class=\"cookielawinfo-column-4\">Description<\/th><\/tr><\/thead><tbody><tr class=\"cookielawinfo-row\"><td class=\"cookielawinfo-column-1\">cookielawinfo-checkbox-non-necessary<\/td><td class=\"cookielawinfo-column-4\">Cette information est stock\u00e9e sur votre poste et repr\u00e9sente votre choix de d\u00e9sactiver les cookies\u00a0facultatifs\u00a0du site au travers du bouton \"R\u00e9glages Cookies\".\r\n\r\n\"yes\" indique que nous pouvons les utiliser. \"no\" indique que vous ne souhaitez pas que nous les utilisions.\r\n\r\nActuellement, nous n'utilisons que des cookies obligatoires, aussi cette information n'est pas exploit\u00e9e.<\/td><\/tr><tr class=\"cookielawinfo-row\"><td class=\"cookielawinfo-column-1\">viewed_cookie_policy<\/td><td class=\"cookielawinfo-column-4\">Cette information nous permet d'enregistrer si vous avez accept\u00e9 la politique de confidentialit\u00e9 du site<\/td><\/tr><tr class=\"cookielawinfo-row\"><td class=\"cookielawinfo-column-1\">_ga<\/td><td class=\"cookielawinfo-column-4\">Ce nom de cookie est associ\u00e9 \u00e0 Google Universal Analytics, ce qui constitue une mise \u00e0 jour importante du service d'analyse Google le plus utilis\u00e9. Ce cookie est utilis\u00e9 pour distinguer les utilisateurs uniques en attribuant un num\u00e9ro g\u00e9n\u00e9r\u00e9 al\u00e9atoirement en tant qu'identifiant client. Il est inclus dans chaque demande de page dans un site et utilis\u00e9 pour calculer les donn\u00e9es de visiteurs, de sessions et de campagnes pour les rapports d'analyse de sites. il est d\u00e9fini pour expirer apr\u00e8s 14 mois.<\/td><\/tr><tr class=\"cookielawinfo-row\"><td class=\"cookielawinfo-column-1\">_gid<\/td><td class=\"cookielawinfo-column-4\">Ce nom de cookie est associ\u00e9 \u00e0 Google Universal Analytics. Il stocke et met \u00e0 jour une valeur unique pour chaque page visit\u00e9e.<\/td><\/tr><\/tbody><\/table>\n<p><b>Dur\u00e9e de conservation des cookies<\/b><br \/>\nConform\u00e9ment aux recommandations de la CNIL, la dur\u00e9e maximale de conservation des cookies est de 13 mois au maximum apr\u00e8s leur premier d\u00e9p\u00f4t dans le terminal de l&rsquo;Utilisateur, tout comme la dur\u00e9e de la validit\u00e9 du consentement de l\u2019Utilisateur \u00e0 l\u2019utilisation de ces cookies. La dur\u00e9e de vie des cookies n\u2019est pas prolong\u00e9e \u00e0 chaque visite. Le consentement de l\u2019Utilisateur devra donc \u00eatre renouvel\u00e9 \u00e0 l&rsquo;issue de ce d\u00e9lai.<\/p>\n<p><b>Finalit\u00e9 cookies<\/b><br \/>\nLes cookies peuvent \u00eatre utilis\u00e9s pour des fins statistiques notamment pour optimiser les services rendus \u00e0 l&rsquo;Utilisateur, \u00e0 partir du traitement des informations concernant la fr\u00e9quence d&rsquo;acc\u00e8s, la personnalisation des pages ainsi que les op\u00e9rations r\u00e9alis\u00e9es et les informations consult\u00e9es.<br \/>\nVous \u00eates inform\u00e9 que l&rsquo;\u00c9diteur est susceptible de d\u00e9poser des cookies sur votre terminal. Le cookie enregistre des informations relatives \u00e0 la navigation sur le service (les pages que vous avez consult\u00e9es, la date et l&rsquo;heure de la consultation&#8230;) que nous pourrons lire lors de vos visites ult\u00e9rieures.<\/p>\n<div id=\"C10Q1\">\n<p><b>Droit de l&rsquo;Utilisateur de refuser les cookies\u00a0<\/b><br \/>\nVous reconnaissez avoir \u00e9t\u00e9 inform\u00e9 que l&rsquo;\u00c9diteur peut avoir recours \u00e0 des cookies. Si vous ne souhaitez pas que des cookies soient utilis\u00e9s sur votre terminal, la plupart des navigateurs vous permettent de d\u00e9sactiver les cookies en passant par les options de r\u00e9glage.<\/p>\n<\/div>\n<\/div>\n<h3>Droit applicable et modalit\u00e9s de recours<\/h3>\n<div>\n<p><b>Application du droit fran\u00e7ais (l\u00e9gislation CNIL) et comp\u00e9tence des tribunaux\u00a0<\/b><br \/>\nLes pr\u00e9sentes CGU et votre utilisation du Site sont r\u00e9gies et interpr\u00e9t\u00e9es conform\u00e9ment aux lois de France, et notamment \u00e0 la Loi n\u00b0 78-17 du 6 janvier 1978 relative \u00e0 l&rsquo;informatique, aux fichiers et aux libert\u00e9s. Le choix de la loi applicable ne porte pas atteinte \u00e0 vos droits en tant que consommateur conform\u00e9ment \u00e0 la loi applicable de votre lieu de r\u00e9sidence. Si vous \u00eates un consommateur, vous et nous acceptons de se soumettre \u00e0 la comp\u00e9tence non-exclusive des juridictions fran\u00e7aises, ce qui signifie que vous pouvez engager une action relative aux pr\u00e9sentes CGU en France ou dans le pays de l&rsquo;UE dans lequel vous vivez. Si vous \u00eates un professionnel, toutes les actions \u00e0 notre encontre doivent \u00eatre engag\u00e9es devant une juridiction en France.<\/p>\n<p>En cas de litige, les parties chercheront une solution amiable avant toute action judiciaire. En cas d&rsquo;\u00e9chec de ces tentatives, toutes contestations \u00e0 la validit\u00e9, l&rsquo;interpr\u00e9tation et \/ ou l&rsquo;ex\u00e9cution des pr\u00e9sentes CGU devront \u00eatre port\u00e9es m\u00eame en cas de pluralit\u00e9 des d\u00e9fendeurs ou d&rsquo;appel en garantie, devant les tribunaux fran\u00e7ais.<\/p>\n<\/div>\n<\/div>\n","protected":false},"excerpt":{"rendered":"<p>D\u00e9finition L&rsquo;\u00c9diteur\u00a0: La personne, physique ou morale, qui \u00e9dite les services de communication au public en ligne. Le Site\u00a0: L&rsquo;ensemble des sites, pages Internet et services en ligne propos\u00e9s par l&rsquo;\u00c9diteur. L&rsquo;Utilisateur\u00a0: La personne utilisant le Site et les services. Nature des donn\u00e9es collect\u00e9es Dans le cadre de l&rsquo;utilisation des Sites, l&rsquo;\u00c9diteur est susceptible de &hellip; <\/p>\n<p class=\"link-more\"><a href=\"https:\/\/www.chezpiotr.com\/wordpress\/politique-de-confidentialite\/\" class=\"more-link\">Continuer la lecture<span class=\"screen-reader-text\"> de &laquo;&nbsp;Politique de Confidentialit\u00e9&nbsp;&raquo;<\/span><\/a><\/p>\n","protected":false},"author":1,"featured_media":0,"parent":0,"menu_order":0,"comment_status":"closed","ping_status":"closed","template":"","meta":{"inline_featured_image":false,"footnotes":""},"_links":{"self":[{"href":"https:\/\/www.chezpiotr.com\/wordpress\/wp-json\/wp\/v2\/pages\/507"}],"collection":[{"href":"https:\/\/www.chezpiotr.com\/wordpress\/wp-json\/wp\/v2\/pages"}],"about":[{"href":"https:\/\/www.chezpiotr.com\/wordpress\/wp-json\/wp\/v2\/types\/page"}],"author":[{"embeddable":true,"href":"https:\/\/www.chezpiotr.com\/wordpress\/wp-json\/wp\/v2\/users\/1"}],"replies":[{"embeddable":true,"href":"https:\/\/www.chezpiotr.com\/wordpress\/wp-json\/wp\/v2\/comments?post=507"}],"version-history":[{"count":1,"href":"https:\/\/www.chezpiotr.com\/wordpress\/wp-json\/wp\/v2\/pages\/507\/revisions"}],"predecessor-version":[{"id":508,"href":"https:\/\/www.chezpiotr.com\/wordpress\/wp-json\/wp\/v2\/pages\/507\/revisions\/508"}],"wp:attachment":[{"href":"https:\/\/www.chezpiotr.com\/wordpress\/wp-json\/wp\/v2\/media?parent=507"}],"curies":[{"name":"wp","href":"https:\/\/api.w.org\/{rel}","templated":true}]}}